{"id":49623,"date":"2023-02-03T09:17:17","date_gmt":"2023-02-03T12:17:17","guid":{"rendered":"https:\/\/laescueladevida.com.ar\/index.php\/carrito\/"},"modified":"2023-02-22T14:53:37","modified_gmt":"2023-02-22T17:53:37","slug":"carrito","status":"publish","type":"page","link":"https:\/\/laescueladevida.com.ar\/index.php\/carrito\/","title":{"rendered":"Carrito"},"content":{"rendered":"<p>[et_pb_section fb_built=&#8221;1&#8243; _builder_version=&#8221;4.16&#8243; global_colors_info=&#8221;{}&#8221;][et_pb_row _builder_version=&#8221;4.16&#8243; background_size=&#8221;initial&#8221; background_position=&#8221;top_left&#8221; background_repeat=&#8221;repeat&#8221; global_colors_info=&#8221;{}&#8221;][et_pb_column type=&#8221;4_4&#8243; _builder_version=&#8221;4.16&#8243; custom_padding=&#8221;|||&#8221; global_colors_info=&#8221;{}&#8221; custom_padding__hover=&#8221;|||&#8221;][et_pb_post_title meta=&#8221;off&#8221; featured_image=&#8221;off&#8221; _builder_version=&#8221;4.16&#8243; global_colors_info=&#8221;{}&#8221;][\/et_pb_post_title][et_pb_wc_cart_notice _builder_version=&#8221;4.19.5&#8243; title_font=&#8221;Poppins||||||||&#8221; background_color=&#8221;#a329cc&#8221; custom_button=&#8221;on&#8221; button_text_size=&#8221;15px&#8221; button_text_color=&#8221;#ffffff&#8221; button_bg_color=&#8221;#323fd1&#8243; global_colors_info=&#8221;{}&#8221;][\/et_pb_wc_cart_notice][et_pb_wc_cart_products _builder_version=&#8221;4.19.5&#8243; form_field_custom_margin=&#8221;-4px||||false|false&#8221; body_font=&#8221;Poppins||||||||&#8221; body_text_color=&#8221;#323fd1&#8243; link_font=&#8221;Poppins||||||||&#8221; link_text_color=&#8221;#a329cc&#8221; form_field_font_size=&#8221;11px&#8221; custom_button=&#8221;on&#8221; button_text_size=&#8221;16px&#8221; button_text_color=&#8221;#a5a5a5&#8243; custom_disabled_button=&#8221;on&#8221; disabled_button_text_size=&#8221;16px&#8221; disabled_button_text_color=&#8221;#FFFFFF&#8221; disabled_button_bg_color=&#8221;#a329cc&#8221; global_colors_info=&#8221;{}&#8221;][\/et_pb_wc_cart_products][\/et_pb_column][\/et_pb_row][et_pb_row column_structure=&#8221;1_2,1_2&#8243; _builder_version=&#8221;4.16&#8243; background_size=&#8221;initial&#8221; background_position=&#8221;top_left&#8221; background_repeat=&#8221;repeat&#8221; global_colors_info=&#8221;{}&#8221;][et_pb_column type=&#8221;1_2&#8243; _builder_version=&#8221;4.16&#8243; custom_padding=&#8221;|||&#8221; global_colors_info=&#8221;{}&#8221; custom_padding__hover=&#8221;|||&#8221;][et_pb_wc_related_products _builder_version=&#8221;4.19.5&#8243; _module_preset=&#8221;default&#8221; include_categories=&#8221;all,current,21,24,23&#8243; hover_enabled=&#8221;0&#8243; sticky_enabled=&#8221;0&#8243; title_font=&#8221;Poppins||||||||&#8221; title_font_size=&#8221;24px&#8221; product_title_font=&#8221;Poppins||||||||&#8221; product_title_font_size=&#8221;21px&#8221; product_title_text_color=&#8221;#a329cc&#8221;][\/et_pb_wc_related_products][\/et_pb_column][et_pb_column type=&#8221;1_2&#8243; _builder_version=&#8221;4.16&#8243; custom_padding=&#8221;|||&#8221; global_colors_info=&#8221;{}&#8221; custom_padding__hover=&#8221;|||&#8221;][et_pb_wc_cart_totals _builder_version=&#8221;4.19.5&#8243; title_font=&#8221;Poppins||||||||&#8221; link_font=&#8221;Poppins||||||||&#8221; link_text_color=&#8221;#a329cc&#8221; custom_button=&#8221;on&#8221; button_text_size=&#8221;18px&#8221; button_text_color=&#8221;#FFFFFF&#8221; button_bg_color=&#8221;#a329cc&#8221; button_border_color=&#8221;#FFFFFF&#8221; global_colors_info=&#8221;{}&#8221;][\/et_pb_wc_cart_totals][\/et_pb_column][\/et_pb_row][\/et_pb_section]<\/p>\n","protected":false},"excerpt":{"rendered":"","protected":false},"author":1,"featured_media":0,"parent":0,"menu_order":0,"comment_status":"closed","ping_status":"closed","template":"","meta":{"_et_pb_use_builder":"on","_et_pb_old_content":"<!-- wp:shortcode -->[woocommerce_cart]<!-- \/wp:shortcode -->","_et_gb_content_width":"","footnotes":""},"class_list":["post-49623","page","type-page","status-publish","hentry"],"yoast_head":"<!-- This site is optimized with the Yoast SEO plugin v26.8 - https:\/\/yoast.com\/product\/yoast-seo-wordpress\/ -->\n<title>Carrito - Escuela de Vida<\/title>\n<meta name=\"robots\" content=\"index, follow, max-snippet:-1, max-image-preview:large, max-video-preview:-1\" \/>\n<link rel=\"canonical\" href=\"https:\/\/laescueladevida.com.ar\/index.php\/carrito\/\" \/>\n<meta property=\"og:locale\" content=\"es_ES\" \/>\n<meta property=\"og:type\" content=\"article\" \/>\n<meta property=\"og:title\" content=\"Carrito - Escuela de Vida\" \/>\n<meta property=\"og:url\" content=\"https:\/\/laescueladevida.com.ar\/index.php\/carrito\/\" \/>\n<meta property=\"og:site_name\" content=\"Escuela de Vida\" \/>\n<meta property=\"article:publisher\" content=\"https:\/\/www.facebook.com\/karinabenito.escuela\" \/>\n<meta property=\"article:modified_time\" content=\"2023-02-22T17:53:37+00:00\" \/>\n<meta name=\"twitter:card\" content=\"summary_large_image\" \/>\n<meta name=\"twitter:label1\" content=\"Tiempo de lectura\" \/>\n\t<meta name=\"twitter:data1\" content=\"2 minutos\" \/>\n<script type=\"application\/ld+json\" class=\"yoast-schema-graph\">{\"@context\":\"https:\/\/schema.org\",\"@graph\":[{\"@type\":\"WebPage\",\"@id\":\"https:\/\/laescueladevida.com.ar\/index.php\/carrito\/\",\"url\":\"https:\/\/laescueladevida.com.ar\/index.php\/carrito\/\",\"name\":\"Carrito - Escuela de Vida\",\"isPartOf\":{\"@id\":\"https:\/\/laescueladevida.com.ar\/#website\"},\"datePublished\":\"2023-02-03T12:17:17+00:00\",\"dateModified\":\"2023-02-22T17:53:37+00:00\",\"breadcrumb\":{\"@id\":\"https:\/\/laescueladevida.com.ar\/index.php\/carrito\/#breadcrumb\"},\"inLanguage\":\"es\",\"potentialAction\":[{\"@type\":\"ReadAction\",\"target\":[\"https:\/\/laescueladevida.com.ar\/index.php\/carrito\/\"]}]},{\"@type\":\"BreadcrumbList\",\"@id\":\"https:\/\/laescueladevida.com.ar\/index.php\/carrito\/#breadcrumb\",\"itemListElement\":[{\"@type\":\"ListItem\",\"position\":1,\"name\":\"Portada\",\"item\":\"https:\/\/laescueladevida.com.ar\/\"},{\"@type\":\"ListItem\",\"position\":2,\"name\":\"Carrito\"}]},{\"@type\":\"WebSite\",\"@id\":\"https:\/\/laescueladevida.com.ar\/#website\",\"url\":\"https:\/\/laescueladevida.com.ar\/\",\"name\":\"Escuela de Vida\",\"description\":\"Escuela de Vida ofrece herramientas psico-bioemocionales para superar bloqueos y vivir plenamente. Sesiones intensivas y talleres hol\u00edsticos. \ud83c\udf3f\ud83d\udcab\",\"publisher\":{\"@id\":\"https:\/\/laescueladevida.com.ar\/#\/schema\/person\/7f8cd1f6f0ed927dffb428a028a5e312\"},\"potentialAction\":[{\"@type\":\"SearchAction\",\"target\":{\"@type\":\"EntryPoint\",\"urlTemplate\":\"https:\/\/laescueladevida.com.ar\/?s={search_term_string}\"},\"query-input\":{\"@type\":\"PropertyValueSpecification\",\"valueRequired\":true,\"valueName\":\"search_term_string\"}}],\"inLanguage\":\"es\"},{\"@type\":[\"Person\",\"Organization\"],\"@id\":\"https:\/\/laescueladevida.com.ar\/#\/schema\/person\/7f8cd1f6f0ed927dffb428a028a5e312\",\"name\":\"Karina Benito\",\"image\":{\"@type\":\"ImageObject\",\"inLanguage\":\"es\",\"@id\":\"https:\/\/laescueladevida.com.ar\/#\/schema\/person\/image\/\",\"url\":\"https:\/\/laescueladevida.com.ar\/wp-content\/uploads\/2025\/01\/logo-escuela-1.webp\",\"contentUrl\":\"https:\/\/laescueladevida.com.ar\/wp-content\/uploads\/2025\/01\/logo-escuela-1.webp\",\"width\":512,\"height\":483,\"caption\":\"Karina Benito\"},\"logo\":{\"@id\":\"https:\/\/laescueladevida.com.ar\/#\/schema\/person\/image\/\"},\"description\":\"Soy Karina Benito, residente de Luj\u00e1n, en la Provincia de Buenos Aires, Argentina. Con m\u00e1s de una d\u00e9cada de experiencia en la Decodificaci\u00f3n Psicogeneal\u00f3gica, he dedicado mi carrera a guiar a las personas en sus procesos de transformaci\u00f3n personal. Adem\u00e1s de ofrecer consultas personalizadas, imparto seminarios y formaciones, enriqueciendo continuamente el conocimiento y las herramientas disponibles para aquellos que buscan sanar y crecer. Como fundadora de 'Escuela de Vida', he tenido el privilegio de acompa\u00f1ar a innumerables individuos en sus caminos hacia una comprensi\u00f3n m\u00e1s profunda de s\u00ed mismos y de sus lealtades familiares.\",\"sameAs\":[\"http:\/\/laescueladevida.com.ar\",\"https:\/\/www.facebook.com\/karinabenito.escuela\",\"https:\/\/www.instagram.com\/karinabenito_escuela\/\",\"https:\/\/www.youtube.com\/@karinabenito\"]}]}<\/script>\n<!-- \/ Yoast SEO plugin. -->","yoast_head_json":{"title":"Carrito - Escuela de Vida","robots":{"index":"index","follow":"follow","max-snippet":"max-snippet:-1","max-image-preview":"max-image-preview:large","max-video-preview":"max-video-preview:-1"},"canonical":"https:\/\/laescueladevida.com.ar\/index.php\/carrito\/","og_locale":"es_ES","og_type":"article","og_title":"Carrito - Escuela de Vida","og_url":"https:\/\/laescueladevida.com.ar\/index.php\/carrito\/","og_site_name":"Escuela de Vida","article_publisher":"https:\/\/www.facebook.com\/karinabenito.escuela","article_modified_time":"2023-02-22T17:53:37+00:00","twitter_card":"summary_large_image","twitter_misc":{"Tiempo de lectura":"2 minutos"},"schema":{"@context":"https:\/\/schema.org","@graph":[{"@type":"WebPage","@id":"https:\/\/laescueladevida.com.ar\/index.php\/carrito\/","url":"https:\/\/laescueladevida.com.ar\/index.php\/carrito\/","name":"Carrito - Escuela de Vida","isPartOf":{"@id":"https:\/\/laescueladevida.com.ar\/#website"},"datePublished":"2023-02-03T12:17:17+00:00","dateModified":"2023-02-22T17:53:37+00:00","breadcrumb":{"@id":"https:\/\/laescueladevida.com.ar\/index.php\/carrito\/#breadcrumb"},"inLanguage":"es","potentialAction":[{"@type":"ReadAction","target":["https:\/\/laescueladevida.com.ar\/index.php\/carrito\/"]}]},{"@type":"BreadcrumbList","@id":"https:\/\/laescueladevida.com.ar\/index.php\/carrito\/#breadcrumb","itemListElement":[{"@type":"ListItem","position":1,"name":"Portada","item":"https:\/\/laescueladevida.com.ar\/"},{"@type":"ListItem","position":2,"name":"Carrito"}]},{"@type":"WebSite","@id":"https:\/\/laescueladevida.com.ar\/#website","url":"https:\/\/laescueladevida.com.ar\/","name":"Escuela de Vida","description":"Escuela de Vida ofrece herramientas psico-bioemocionales para superar bloqueos y vivir plenamente. Sesiones intensivas y talleres hol\u00edsticos. \ud83c\udf3f\ud83d\udcab","publisher":{"@id":"https:\/\/laescueladevida.com.ar\/#\/schema\/person\/7f8cd1f6f0ed927dffb428a028a5e312"},"potentialAction":[{"@type":"SearchAction","target":{"@type":"EntryPoint","urlTemplate":"https:\/\/laescueladevida.com.ar\/?s={search_term_string}"},"query-input":{"@type":"PropertyValueSpecification","valueRequired":true,"valueName":"search_term_string"}}],"inLanguage":"es"},{"@type":["Person","Organization"],"@id":"https:\/\/laescueladevida.com.ar\/#\/schema\/person\/7f8cd1f6f0ed927dffb428a028a5e312","name":"Karina Benito","image":{"@type":"ImageObject","inLanguage":"es","@id":"https:\/\/laescueladevida.com.ar\/#\/schema\/person\/image\/","url":"https:\/\/laescueladevida.com.ar\/wp-content\/uploads\/2025\/01\/logo-escuela-1.webp","contentUrl":"https:\/\/laescueladevida.com.ar\/wp-content\/uploads\/2025\/01\/logo-escuela-1.webp","width":512,"height":483,"caption":"Karina Benito"},"logo":{"@id":"https:\/\/laescueladevida.com.ar\/#\/schema\/person\/image\/"},"description":"Soy Karina Benito, residente de Luj\u00e1n, en la Provincia de Buenos Aires, Argentina. Con m\u00e1s de una d\u00e9cada de experiencia en la Decodificaci\u00f3n Psicogeneal\u00f3gica, he dedicado mi carrera a guiar a las personas en sus procesos de transformaci\u00f3n personal. Adem\u00e1s de ofrecer consultas personalizadas, imparto seminarios y formaciones, enriqueciendo continuamente el conocimiento y las herramientas disponibles para aquellos que buscan sanar y crecer. Como fundadora de 'Escuela de Vida', he tenido el privilegio de acompa\u00f1ar a innumerables individuos en sus caminos hacia una comprensi\u00f3n m\u00e1s profunda de s\u00ed mismos y de sus lealtades familiares.","sameAs":["http:\/\/laescueladevida.com.ar","https:\/\/www.facebook.com\/karinabenito.escuela","https:\/\/www.instagram.com\/karinabenito_escuela\/","https:\/\/www.youtube.com\/@karinabenito"]}]}},"_links":{"self":[{"href":"https:\/\/laescueladevida.com.ar\/index.php\/wp-json\/wp\/v2\/pages\/49623","targetHints":{"allow":["GET"]}}],"collection":[{"href":"https:\/\/laescueladevida.com.ar\/index.php\/wp-json\/wp\/v2\/pages"}],"about":[{"href":"https:\/\/laescueladevida.com.ar\/index.php\/wp-json\/wp\/v2\/types\/page"}],"author":[{"embeddable":true,"href":"https:\/\/laescueladevida.com.ar\/index.php\/wp-json\/wp\/v2\/users\/1"}],"replies":[{"embeddable":true,"href":"https:\/\/laescueladevida.com.ar\/index.php\/wp-json\/wp\/v2\/comments?post=49623"}],"version-history":[{"count":4,"href":"https:\/\/laescueladevida.com.ar\/index.php\/wp-json\/wp\/v2\/pages\/49623\/revisions"}],"predecessor-version":[{"id":49709,"href":"https:\/\/laescueladevida.com.ar\/index.php\/wp-json\/wp\/v2\/pages\/49623\/revisions\/49709"}],"wp:attachment":[{"href":"https:\/\/laescueladevida.com.ar\/index.php\/wp-json\/wp\/v2\/media?parent=49623"}],"curies":[{"name":"wp","href":"https:\/\/api.w.org\/{rel}","templated":true}]}}