{"id":50274,"date":"2025-03-30T01:11:05","date_gmt":"2025-03-30T04:11:05","guid":{"rendered":"https:\/\/laescueladevida.com.ar\/?post_type=product&#038;p=50274"},"modified":"2025-04-16T11:34:11","modified_gmt":"2025-04-16T14:34:11","slug":"analisis-transgeneracional-lanzamiento","status":"publish","type":"product","link":"https:\/\/laescueladevida.com.ar\/index.php\/producto\/analisis-transgeneracional-lanzamiento\/","title":{"rendered":"An\u00e1lisis Transgeneracional &#8211; Lanzamiento"},"content":{"rendered":"<p class=\"\" data-start=\"108\" data-end=\"170\"><strong data-start=\"108\" data-end=\"168\">\ud83c\udf33 An\u00e1lisis Transgeneracional: Sanar tu Historia Familiar<\/strong><\/p>\n<p class=\"\" data-start=\"172\" data-end=\"588\">El <strong data-start=\"175\" data-end=\"205\">An\u00e1lisis Transgeneracional<\/strong> es una poderosa herramienta de <strong data-start=\"237\" data-end=\"278\">autoconocimiento y sanaci\u00f3n emocional<\/strong> \u2728 que explora c\u00f3mo la <strong data-start=\"301\" data-end=\"347\">historia familiar y los patrones heredados<\/strong> influyen en nuestra vida actual. A trav\u00e9s del estudio del <strong data-start=\"406\" data-end=\"430\">\ud83c\udf3f \u00e1rbol geneal\u00f3gico<\/strong>, se identifican <strong data-start=\"447\" data-end=\"523\">bloqueos emocionales, creencias limitantes y traumas transgeneracionales<\/strong> \ud83e\udde0\ud83d\udcab que pueden estar afectando tu bienestar sin que lo sepas.<\/p>\n<p class=\"\" data-start=\"590\" data-end=\"753\">Comprender y <strong data-start=\"603\" data-end=\"631\">sanar el linaje familiar<\/strong> \u2764\ufe0f permite liberar cargas emocionales, romper ciclos negativos y transformar tu presente para vivir con mayor plenitud.<\/p>\n<p data-start=\"590\" data-end=\"753\">Cont\u00e1ctame para mas informaci\u00f3n: <a href=\"https:\/\/wa.me\/5492323341694?text=Hola%20Karina%2C%20estoy%20interesado%2Fa%20en%20el%20Curso%20de%20An%C3%A1lisis%20Transgeneracional%20que%20est%C3%A1s%20lanzando.\">\ud83d\udc49 <strong data-start=\"68\" data-end=\"95\">Escr\u00edbenos por WhatsApp<\/strong> \ud83d\udcf1\ud83d\udcac<\/a><\/p>\n","protected":false},"excerpt":{"rendered":"<p>\ud83c\udf33 An\u00e1lisis Transgeneracional: Sanar tu Historia Familiar El An\u00e1lisis Transgeneracional es una poderosa herramienta de autoconocimiento y sanaci\u00f3n emocional \u2728 que explora c\u00f3mo la historia familiar y los patrones heredados influyen en nuestra vida actual. A trav\u00e9s del estudio del \ud83c\udf3f \u00e1rbol geneal\u00f3gico, se identifican bloqueos emocionales, creencias limitantes y traumas transgeneracionales \ud83e\udde0\ud83d\udcab que pueden [&hellip;]<\/p>\n","protected":false},"featured_media":50310,"comment_status":"open","ping_status":"closed","template":"","meta":{"_et_pb_use_builder":"","_et_pb_old_content":"","_et_gb_content_width":""},"product_brand":[],"product_cat":[45],"product_tag":[48,47,27,46],"class_list":{"0":"post-50274","1":"product","2":"type-product","3":"status-publish","4":"has-post-thumbnail","6":"product_cat-cursos","7":"product_tag-analisis","8":"product_tag-curso","9":"product_tag-formacion","10":"product_tag-transgeneracional","12":"first","13":"instock","14":"shipping-taxable","15":"product-type-simple"},"yoast_head":"<!-- This site is optimized with the Yoast SEO plugin v26.8 - https:\/\/yoast.com\/product\/yoast-seo-wordpress\/ -->\n<title>An\u00e1lisis Transgeneracional - Lanzamiento - Escuela de Vida<\/title>\n<meta name=\"description\" content=\"Descubre el An\u00e1lisis Transgeneracional\ud83c\udf33 con Karina Benito. Un curso formativo para sanar tu historia familiar\u2764\ufe0f . Inscr\u00edbete ahora. \u00a1Lanzamiento 14\/04!\" \/>\n<meta name=\"robots\" content=\"index, follow, max-snippet:-1, max-image-preview:large, max-video-preview:-1\" \/>\n<link rel=\"canonical\" href=\"https:\/\/laescueladevida.com.ar\/index.php\/producto\/analisis-transgeneracional-lanzamiento\/\" \/>\n<meta property=\"og:locale\" content=\"es_ES\" \/>\n<meta property=\"og:type\" content=\"article\" \/>\n<meta property=\"og:title\" content=\"An\u00e1lisis Transgeneracional - Lanzamiento - Escuela de Vida\" \/>\n<meta property=\"og:description\" content=\"Descubre el An\u00e1lisis Transgeneracional\ud83c\udf33 con Karina Benito. Un curso formativo para sanar tu historia familiar\u2764\ufe0f . Inscr\u00edbete ahora. \u00a1Lanzamiento 14\/04!\" \/>\n<meta property=\"og:url\" content=\"https:\/\/laescueladevida.com.ar\/index.php\/producto\/analisis-transgeneracional-lanzamiento\/\" \/>\n<meta property=\"og:site_name\" content=\"Escuela de Vida\" \/>\n<meta property=\"article:publisher\" content=\"https:\/\/www.facebook.com\/karinabenito.escuela\" \/>\n<meta property=\"article:modified_time\" content=\"2025-04-16T14:34:11+00:00\" \/>\n<meta property=\"og:image\" content=\"https:\/\/laescueladevida.com.ar\/wp-content\/uploads\/2025\/03\/Transgeneracional-mas-chicos-1.webp\" \/>\n\t<meta property=\"og:image:width\" content=\"1080\" \/>\n\t<meta property=\"og:image:height\" content=\"1350\" \/>\n\t<meta property=\"og:image:type\" content=\"image\/webp\" \/>\n<meta name=\"twitter:card\" content=\"summary_large_image\" \/>\n<meta name=\"twitter:label1\" content=\"Tiempo de lectura\" \/>\n\t<meta name=\"twitter:data1\" content=\"1 minuto\" \/>\n<script type=\"application\/ld+json\" class=\"yoast-schema-graph\">{\"@context\":\"https:\/\/schema.org\",\"@graph\":[{\"@type\":\"WebPage\",\"@id\":\"https:\/\/laescueladevida.com.ar\/index.php\/producto\/analisis-transgeneracional-lanzamiento\/\",\"url\":\"https:\/\/laescueladevida.com.ar\/index.php\/producto\/analisis-transgeneracional-lanzamiento\/\",\"name\":\"An\u00e1lisis Transgeneracional - Lanzamiento - Escuela de Vida\",\"isPartOf\":{\"@id\":\"https:\/\/laescueladevida.com.ar\/#website\"},\"primaryImageOfPage\":{\"@id\":\"https:\/\/laescueladevida.com.ar\/index.php\/producto\/analisis-transgeneracional-lanzamiento\/#primaryimage\"},\"image\":{\"@id\":\"https:\/\/laescueladevida.com.ar\/index.php\/producto\/analisis-transgeneracional-lanzamiento\/#primaryimage\"},\"thumbnailUrl\":\"https:\/\/laescueladevida.com.ar\/wp-content\/uploads\/2025\/03\/Transgeneracional-mas-chicos-1.webp\",\"datePublished\":\"2025-03-30T04:11:05+00:00\",\"dateModified\":\"2025-04-16T14:34:11+00:00\",\"description\":\"Descubre el An\u00e1lisis Transgeneracional\ud83c\udf33 con Karina Benito. Un curso formativo para sanar tu historia familiar\u2764\ufe0f . Inscr\u00edbete ahora. \u00a1Lanzamiento 14\/04!\",\"breadcrumb\":{\"@id\":\"https:\/\/laescueladevida.com.ar\/index.php\/producto\/analisis-transgeneracional-lanzamiento\/#breadcrumb\"},\"inLanguage\":\"es\",\"potentialAction\":[{\"@type\":\"ReadAction\",\"target\":[\"https:\/\/laescueladevida.com.ar\/index.php\/producto\/analisis-transgeneracional-lanzamiento\/\"]}]},{\"@type\":\"ImageObject\",\"inLanguage\":\"es\",\"@id\":\"https:\/\/laescueladevida.com.ar\/index.php\/producto\/analisis-transgeneracional-lanzamiento\/#primaryimage\",\"url\":\"https:\/\/laescueladevida.com.ar\/wp-content\/uploads\/2025\/03\/Transgeneracional-mas-chicos-1.webp\",\"contentUrl\":\"https:\/\/laescueladevida.com.ar\/wp-content\/uploads\/2025\/03\/Transgeneracional-mas-chicos-1.webp\",\"width\":1080,\"height\":1350},{\"@type\":\"BreadcrumbList\",\"@id\":\"https:\/\/laescueladevida.com.ar\/index.php\/producto\/analisis-transgeneracional-lanzamiento\/#breadcrumb\",\"itemListElement\":[{\"@type\":\"ListItem\",\"position\":1,\"name\":\"Portada\",\"item\":\"https:\/\/laescueladevida.com.ar\/\"},{\"@type\":\"ListItem\",\"position\":2,\"name\":\"Tienda\",\"item\":\"https:\/\/laescueladevida.com.ar\/index.php\/tienda\/\"},{\"@type\":\"ListItem\",\"position\":3,\"name\":\"An\u00e1lisis Transgeneracional &#8211; Lanzamiento\"}]},{\"@type\":\"WebSite\",\"@id\":\"https:\/\/laescueladevida.com.ar\/#website\",\"url\":\"https:\/\/laescueladevida.com.ar\/\",\"name\":\"Escuela de Vida\",\"description\":\"Escuela de Vida ofrece herramientas psico-bioemocionales para superar bloqueos y vivir plenamente. Sesiones intensivas y talleres hol\u00edsticos. \ud83c\udf3f\ud83d\udcab\",\"publisher\":{\"@id\":\"https:\/\/laescueladevida.com.ar\/#\/schema\/person\/7f8cd1f6f0ed927dffb428a028a5e312\"},\"potentialAction\":[{\"@type\":\"SearchAction\",\"target\":{\"@type\":\"EntryPoint\",\"urlTemplate\":\"https:\/\/laescueladevida.com.ar\/?s={search_term_string}\"},\"query-input\":{\"@type\":\"PropertyValueSpecification\",\"valueRequired\":true,\"valueName\":\"search_term_string\"}}],\"inLanguage\":\"es\"},{\"@type\":[\"Person\",\"Organization\"],\"@id\":\"https:\/\/laescueladevida.com.ar\/#\/schema\/person\/7f8cd1f6f0ed927dffb428a028a5e312\",\"name\":\"Karina Benito\",\"image\":{\"@type\":\"ImageObject\",\"inLanguage\":\"es\",\"@id\":\"https:\/\/laescueladevida.com.ar\/#\/schema\/person\/image\/\",\"url\":\"https:\/\/laescueladevida.com.ar\/wp-content\/uploads\/2025\/01\/logo-escuela-1.webp\",\"contentUrl\":\"https:\/\/laescueladevida.com.ar\/wp-content\/uploads\/2025\/01\/logo-escuela-1.webp\",\"width\":512,\"height\":483,\"caption\":\"Karina Benito\"},\"logo\":{\"@id\":\"https:\/\/laescueladevida.com.ar\/#\/schema\/person\/image\/\"},\"description\":\"Soy Karina Benito, residente de Luj\u00e1n, en la Provincia de Buenos Aires, Argentina. Con m\u00e1s de una d\u00e9cada de experiencia en la Decodificaci\u00f3n Psicogeneal\u00f3gica, he dedicado mi carrera a guiar a las personas en sus procesos de transformaci\u00f3n personal. Adem\u00e1s de ofrecer consultas personalizadas, imparto seminarios y formaciones, enriqueciendo continuamente el conocimiento y las herramientas disponibles para aquellos que buscan sanar y crecer. Como fundadora de 'Escuela de Vida', he tenido el privilegio de acompa\u00f1ar a innumerables individuos en sus caminos hacia una comprensi\u00f3n m\u00e1s profunda de s\u00ed mismos y de sus lealtades familiares.\",\"sameAs\":[\"http:\/\/laescueladevida.com.ar\",\"https:\/\/www.facebook.com\/karinabenito.escuela\",\"https:\/\/www.instagram.com\/karinabenito_escuela\/\",\"https:\/\/www.youtube.com\/@karinabenito\"]}]}<\/script>\n<!-- \/ Yoast SEO plugin. -->","yoast_head_json":{"title":"An\u00e1lisis Transgeneracional - Lanzamiento - Escuela de Vida","description":"Descubre el An\u00e1lisis Transgeneracional\ud83c\udf33 con Karina Benito. Un curso formativo para sanar tu historia familiar\u2764\ufe0f . Inscr\u00edbete ahora. \u00a1Lanzamiento 14\/04!","robots":{"index":"index","follow":"follow","max-snippet":"max-snippet:-1","max-image-preview":"max-image-preview:large","max-video-preview":"max-video-preview:-1"},"canonical":"https:\/\/laescueladevida.com.ar\/index.php\/producto\/analisis-transgeneracional-lanzamiento\/","og_locale":"es_ES","og_type":"article","og_title":"An\u00e1lisis Transgeneracional - Lanzamiento - Escuela de Vida","og_description":"Descubre el An\u00e1lisis Transgeneracional\ud83c\udf33 con Karina Benito. Un curso formativo para sanar tu historia familiar\u2764\ufe0f . Inscr\u00edbete ahora. \u00a1Lanzamiento 14\/04!","og_url":"https:\/\/laescueladevida.com.ar\/index.php\/producto\/analisis-transgeneracional-lanzamiento\/","og_site_name":"Escuela de Vida","article_publisher":"https:\/\/www.facebook.com\/karinabenito.escuela","article_modified_time":"2025-04-16T14:34:11+00:00","og_image":[{"width":1080,"height":1350,"url":"https:\/\/laescueladevida.com.ar\/wp-content\/uploads\/2025\/03\/Transgeneracional-mas-chicos-1.webp","type":"image\/webp"}],"twitter_card":"summary_large_image","twitter_misc":{"Tiempo de lectura":"1 minuto"},"schema":{"@context":"https:\/\/schema.org","@graph":[{"@type":"WebPage","@id":"https:\/\/laescueladevida.com.ar\/index.php\/producto\/analisis-transgeneracional-lanzamiento\/","url":"https:\/\/laescueladevida.com.ar\/index.php\/producto\/analisis-transgeneracional-lanzamiento\/","name":"An\u00e1lisis Transgeneracional - Lanzamiento - Escuela de Vida","isPartOf":{"@id":"https:\/\/laescueladevida.com.ar\/#website"},"primaryImageOfPage":{"@id":"https:\/\/laescueladevida.com.ar\/index.php\/producto\/analisis-transgeneracional-lanzamiento\/#primaryimage"},"image":{"@id":"https:\/\/laescueladevida.com.ar\/index.php\/producto\/analisis-transgeneracional-lanzamiento\/#primaryimage"},"thumbnailUrl":"https:\/\/laescueladevida.com.ar\/wp-content\/uploads\/2025\/03\/Transgeneracional-mas-chicos-1.webp","datePublished":"2025-03-30T04:11:05+00:00","dateModified":"2025-04-16T14:34:11+00:00","description":"Descubre el An\u00e1lisis Transgeneracional\ud83c\udf33 con Karina Benito. Un curso formativo para sanar tu historia familiar\u2764\ufe0f . Inscr\u00edbete ahora. \u00a1Lanzamiento 14\/04!","breadcrumb":{"@id":"https:\/\/laescueladevida.com.ar\/index.php\/producto\/analisis-transgeneracional-lanzamiento\/#breadcrumb"},"inLanguage":"es","potentialAction":[{"@type":"ReadAction","target":["https:\/\/laescueladevida.com.ar\/index.php\/producto\/analisis-transgeneracional-lanzamiento\/"]}]},{"@type":"ImageObject","inLanguage":"es","@id":"https:\/\/laescueladevida.com.ar\/index.php\/producto\/analisis-transgeneracional-lanzamiento\/#primaryimage","url":"https:\/\/laescueladevida.com.ar\/wp-content\/uploads\/2025\/03\/Transgeneracional-mas-chicos-1.webp","contentUrl":"https:\/\/laescueladevida.com.ar\/wp-content\/uploads\/2025\/03\/Transgeneracional-mas-chicos-1.webp","width":1080,"height":1350},{"@type":"BreadcrumbList","@id":"https:\/\/laescueladevida.com.ar\/index.php\/producto\/analisis-transgeneracional-lanzamiento\/#breadcrumb","itemListElement":[{"@type":"ListItem","position":1,"name":"Portada","item":"https:\/\/laescueladevida.com.ar\/"},{"@type":"ListItem","position":2,"name":"Tienda","item":"https:\/\/laescueladevida.com.ar\/index.php\/tienda\/"},{"@type":"ListItem","position":3,"name":"An\u00e1lisis Transgeneracional &#8211; Lanzamiento"}]},{"@type":"WebSite","@id":"https:\/\/laescueladevida.com.ar\/#website","url":"https:\/\/laescueladevida.com.ar\/","name":"Escuela de Vida","description":"Escuela de Vida ofrece herramientas psico-bioemocionales para superar bloqueos y vivir plenamente. Sesiones intensivas y talleres hol\u00edsticos. \ud83c\udf3f\ud83d\udcab","publisher":{"@id":"https:\/\/laescueladevida.com.ar\/#\/schema\/person\/7f8cd1f6f0ed927dffb428a028a5e312"},"potentialAction":[{"@type":"SearchAction","target":{"@type":"EntryPoint","urlTemplate":"https:\/\/laescueladevida.com.ar\/?s={search_term_string}"},"query-input":{"@type":"PropertyValueSpecification","valueRequired":true,"valueName":"search_term_string"}}],"inLanguage":"es"},{"@type":["Person","Organization"],"@id":"https:\/\/laescueladevida.com.ar\/#\/schema\/person\/7f8cd1f6f0ed927dffb428a028a5e312","name":"Karina Benito","image":{"@type":"ImageObject","inLanguage":"es","@id":"https:\/\/laescueladevida.com.ar\/#\/schema\/person\/image\/","url":"https:\/\/laescueladevida.com.ar\/wp-content\/uploads\/2025\/01\/logo-escuela-1.webp","contentUrl":"https:\/\/laescueladevida.com.ar\/wp-content\/uploads\/2025\/01\/logo-escuela-1.webp","width":512,"height":483,"caption":"Karina Benito"},"logo":{"@id":"https:\/\/laescueladevida.com.ar\/#\/schema\/person\/image\/"},"description":"Soy Karina Benito, residente de Luj\u00e1n, en la Provincia de Buenos Aires, Argentina. Con m\u00e1s de una d\u00e9cada de experiencia en la Decodificaci\u00f3n Psicogeneal\u00f3gica, he dedicado mi carrera a guiar a las personas en sus procesos de transformaci\u00f3n personal. Adem\u00e1s de ofrecer consultas personalizadas, imparto seminarios y formaciones, enriqueciendo continuamente el conocimiento y las herramientas disponibles para aquellos que buscan sanar y crecer. Como fundadora de 'Escuela de Vida', he tenido el privilegio de acompa\u00f1ar a innumerables individuos en sus caminos hacia una comprensi\u00f3n m\u00e1s profunda de s\u00ed mismos y de sus lealtades familiares.","sameAs":["http:\/\/laescueladevida.com.ar","https:\/\/www.facebook.com\/karinabenito.escuela","https:\/\/www.instagram.com\/karinabenito_escuela\/","https:\/\/www.youtube.com\/@karinabenito"]}]}},"_links":{"self":[{"href":"https:\/\/laescueladevida.com.ar\/index.php\/wp-json\/wp\/v2\/product\/50274","targetHints":{"allow":["GET"]}}],"collection":[{"href":"https:\/\/laescueladevida.com.ar\/index.php\/wp-json\/wp\/v2\/product"}],"about":[{"href":"https:\/\/laescueladevida.com.ar\/index.php\/wp-json\/wp\/v2\/types\/product"}],"replies":[{"embeddable":true,"href":"https:\/\/laescueladevida.com.ar\/index.php\/wp-json\/wp\/v2\/comments?post=50274"}],"wp:featuredmedia":[{"embeddable":true,"href":"https:\/\/laescueladevida.com.ar\/index.php\/wp-json\/wp\/v2\/media\/50310"}],"wp:attachment":[{"href":"https:\/\/laescueladevida.com.ar\/index.php\/wp-json\/wp\/v2\/media?parent=50274"}],"wp:term":[{"taxonomy":"product_brand","embeddable":true,"href":"https:\/\/laescueladevida.com.ar\/index.php\/wp-json\/wp\/v2\/product_brand?post=50274"},{"taxonomy":"product_cat","embeddable":true,"href":"https:\/\/laescueladevida.com.ar\/index.php\/wp-json\/wp\/v2\/product_cat?post=50274"},{"taxonomy":"product_tag","embeddable":true,"href":"https:\/\/laescueladevida.com.ar\/index.php\/wp-json\/wp\/v2\/product_tag?post=50274"}],"curies":[{"name":"wp","href":"https:\/\/api.w.org\/{rel}","templated":true}]}}